{"id":234,"date":"2021-11-11T14:01:34","date_gmt":"2021-11-11T13:01:34","guid":{"rendered":"https:\/\/martialchouvel.com\/projets\/shopart23\/?post_type=product&#038;p=234"},"modified":"2021-11-17T14:16:52","modified_gmt":"2021-11-17T13:16:52","slug":"felix-in-the-bag","status":"publish","type":"product","link":"https:\/\/martialchouvel.com\/projets\/shopart23\/produit\/felix-in-the-bag\/","title":{"rendered":"Felix in the bag"},"content":{"rendered":"<p><em>FR<\/em><\/p>\n<ul>\n<li>Acrylique sur toile rectangulaire (ch\u00e2ssis de 1.8 cm d&#8217;\u00e9paisseur) vernis acryl satin\u00e9<\/li>\n<li>100 cm x 20 cm<\/li>\n<li>Dessin\u00e9 enti\u00e8rement \u00e0 la main &#8211; <strong>Oeuvre artistique originale et unique<\/strong><\/li>\n<li>Inspiration: F\u00e9lix the Cat dans son apparence moderne par Joe Oriolo &amp; Fond Louis Vuitton<\/li>\n<\/ul>\n<p><em>EN<\/em><\/p>\n<ul>\n<li>Acrylic on rectangular canvas (1.8 cm thick frame) satin acrylic varnish<\/li>\n<li>100 cm x 20 cm<\/li>\n<li>Freehand drawn &#8211; <strong>Original and unique artistic work<\/strong><\/li>\n<li>Inspiration: F\u00e9lix the Cat in his modern appearance by Joe Oriolo &amp; Fond Louis Vuitton<\/li>\n<\/ul>\n","protected":false},"excerpt":{"rendered":"<p>FR Acrylique sur toile rectangulaire (ch\u00e2ssis de 1.8 cm d&#8217;\u00e9paisseur) vernis acryl satin\u00e9 100 cm x 20 cm Dessin\u00e9 enti\u00e8rement \u00e0 la main &#8211; Oeuvre artistique originale et unique Inspiration: F\u00e9lix the Cat dans son apparence moderne par Joe Oriolo &amp; Fond Louis Vuitton EN Acrylic on rectangular canvas (1.8 cm thick frame) satin acrylic [&hellip;]<\/p>\n","protected":false},"featured_media":240,"comment_status":"open","ping_status":"closed","template":"","meta":[],"product_cat":[15],"product_tag":[],"class_list":["post-234","product","type-product","status-publish","has-post-thumbnail","hentry","product_cat-non-classe"],"_links":{"self":[{"href":"https:\/\/martialchouvel.com\/projets\/shopart23\/wp-json\/wp\/v2\/product\/234","targetHints":{"allow":["GET"]}}],"collection":[{"href":"https:\/\/martialchouvel.com\/projets\/shopart23\/wp-json\/wp\/v2\/product"}],"about":[{"href":"https:\/\/martialchouvel.com\/projets\/shopart23\/wp-json\/wp\/v2\/types\/product"}],"replies":[{"embeddable":true,"href":"https:\/\/martialchouvel.com\/projets\/shopart23\/wp-json\/wp\/v2\/comments?post=234"}],"wp:featuredmedia":[{"embeddable":true,"href":"https:\/\/martialchouvel.com\/projets\/shopart23\/wp-json\/wp\/v2\/media\/240"}],"wp:attachment":[{"href":"https:\/\/martialchouvel.com\/projets\/shopart23\/wp-json\/wp\/v2\/media?parent=234"}],"wp:term":[{"taxonomy":"product_cat","embeddable":true,"href":"https:\/\/martialchouvel.com\/projets\/shopart23\/wp-json\/wp\/v2\/product_cat?post=234"},{"taxonomy":"product_tag","embeddable":true,"href":"https:\/\/martialchouvel.com\/projets\/shopart23\/wp-json\/wp\/v2\/product_tag?post=234"}],"curies":[{"name":"wp","href":"https:\/\/api.w.org\/{rel}","templated":true}]}}