{"id":227,"date":"2021-11-11T13:57:28","date_gmt":"2021-11-11T12:57:28","guid":{"rendered":"https:\/\/martialchouvel.com\/projets\/shopart23\/?post_type=product&#038;p=227"},"modified":"2021-11-17T14:14:24","modified_gmt":"2021-11-17T13:14:24","slug":"c-a-with-k","status":"publish","type":"product","link":"https:\/\/martialchouvel.com\/projets\/shopart23\/produit\/c-a-with-k\/","title":{"rendered":"C.A. with K."},"content":{"rendered":"<p><em>FR<\/em><\/p>\n<ul>\n<li>Acrylique sur toile (ch\u00e2ssis de 1.8 cm d&#8217;\u00e9paisseur) vernis acryl satin\u00e9<\/li>\n<li>100cm x 100cm<\/li>\n<li>Dessin\u00e9 enti\u00e8rement \u00e0 la main &#8211; <strong>Oeuvre artistique originale et unique<\/strong><\/li>\n<li>Inspiration: Marvel Comics Captain America &amp; Fond Keith Haring<\/li>\n<\/ul>\n<p><em>EN<\/em><\/p>\n<ul>\n<li>Acrylic on canvas (1.8 cm thick frame) satin acrylic varnish<\/li>\n<li>100cm x 100cm<\/li>\n<li>Freehand drawn &#8211; <strong>Original and unique artistic work<\/strong><\/li>\n<li>Inspiration: Marvel Comics Captain America &amp; Keith Haring Background<\/li>\n<\/ul>\n","protected":false},"excerpt":{"rendered":"<p>FR Acrylique sur toile (ch\u00e2ssis de 1.8 cm d&#8217;\u00e9paisseur) vernis acryl satin\u00e9 100cm x 100cm Dessin\u00e9 enti\u00e8rement \u00e0 la main &#8211; Oeuvre artistique originale et unique Inspiration: Marvel Comics Captain America &amp; Fond Keith Haring EN Acrylic on canvas (1.8 cm thick frame) satin acrylic varnish 100cm x 100cm Freehand drawn &#8211; Original and unique [&hellip;]<\/p>\n","protected":false},"featured_media":233,"comment_status":"open","ping_status":"closed","template":"","meta":[],"product_cat":[15],"product_tag":[],"class_list":["post-227","product","type-product","status-publish","has-post-thumbnail","hentry","product_cat-non-classe"],"_links":{"self":[{"href":"https:\/\/martialchouvel.com\/projets\/shopart23\/wp-json\/wp\/v2\/product\/227","targetHints":{"allow":["GET"]}}],"collection":[{"href":"https:\/\/martialchouvel.com\/projets\/shopart23\/wp-json\/wp\/v2\/product"}],"about":[{"href":"https:\/\/martialchouvel.com\/projets\/shopart23\/wp-json\/wp\/v2\/types\/product"}],"replies":[{"embeddable":true,"href":"https:\/\/martialchouvel.com\/projets\/shopart23\/wp-json\/wp\/v2\/comments?post=227"}],"wp:featuredmedia":[{"embeddable":true,"href":"https:\/\/martialchouvel.com\/projets\/shopart23\/wp-json\/wp\/v2\/media\/233"}],"wp:attachment":[{"href":"https:\/\/martialchouvel.com\/projets\/shopart23\/wp-json\/wp\/v2\/media?parent=227"}],"wp:term":[{"taxonomy":"product_cat","embeddable":true,"href":"https:\/\/martialchouvel.com\/projets\/shopart23\/wp-json\/wp\/v2\/product_cat?post=227"},{"taxonomy":"product_tag","embeddable":true,"href":"https:\/\/martialchouvel.com\/projets\/shopart23\/wp-json\/wp\/v2\/product_tag?post=227"}],"curies":[{"name":"wp","href":"https:\/\/api.w.org\/{rel}","templated":true}]}}