{"id":14,"date":"2021-10-07T15:27:32","date_gmt":"2021-10-07T13:27:32","guid":{"rendered":"http:\/\/martialchouvel.com\/projets\/shopart23\/?page_id=14"},"modified":"2021-11-16T16:35:53","modified_gmt":"2021-11-16T15:35:53","slug":"accueil","status":"publish","type":"page","link":"https:\/\/martialchouvel.com\/projets\/shopart23\/","title":{"rendered":"Accueil"},"content":{"rendered":"\t\t<div data-elementor-type=\"wp-page\" data-elementor-id=\"14\" class=\"elementor elementor-14\" data-elementor-settings=\"[]\">\n\t\t\t\t\t\t\t<div class=\"elementor-section-wrap\">\n\t\t\t\t\t\t\t<section class=\"elementor-section elementor-top-section elementor-element elementor-element-82669c7 elementor-section-full_width elementor-section-height-default elementor-section-height-default\" data-id=\"82669c7\" data-element_type=\"section\" data-settings=\"{&quot;background_background&quot;:&quot;gradient&quot;}\">\n\t\t\t\t\t\t<div class=\"elementor-container elementor-column-gap-default\">\n\t\t\t\t\t<div class=\"elementor-column elementor-col-100 elementor-top-column elementor-element elementor-element-d58f12b\" data-id=\"d58f12b\" data-element_type=\"column\">\n\t\t\t<div class=\"elementor-widget-wrap elementor-element-populated\">\n\t\t\t\t\t\t\t\t<div class=\"elementor-element elementor-element-10d3f92 elementor--h-position-center elementor--v-position-middle elementor-arrows-position-inside elementor-pagination-position-inside elementor-widget elementor-widget-slides\" data-id=\"10d3f92\" data-element_type=\"widget\" data-settings=\"{&quot;navigation&quot;:&quot;both&quot;,&quot;autoplay&quot;:&quot;yes&quot;,&quot;pause_on_hover&quot;:&quot;yes&quot;,&quot;pause_on_interaction&quot;:&quot;yes&quot;,&quot;autoplay_speed&quot;:5000,&quot;infinite&quot;:&quot;yes&quot;,&quot;transition&quot;:&quot;slide&quot;,&quot;transition_speed&quot;:500}\" data-widget_type=\"slides.default\">\n\t\t\t\t<div class=\"elementor-widget-container\">\n\t\t\t\t\t<div class=\"elementor-swiper\">\n\t\t\t<div class=\"elementor-slides-wrapper elementor-main-swiper swiper-container\" dir=\"ltr\" data-animation=\"\">\n\t\t\t\t<div class=\"swiper-wrapper elementor-slides\">\n\t\t\t\t\t\t\t\t\t\t<div class=\"elementor-repeater-item-ef34adf swiper-slide\"><div class=\"swiper-slide-bg\"><\/div><div class=\"elementor-background-overlay\"><\/div><div class=\"swiper-slide-inner\" ><div class=\"swiper-slide-contents\"><div class=\"elementor-slide-heading\">Manon Corthals<\/div><div class=\"elementor-slide-description\"><img decoding=\"async\" src=\"https:\/\/martialchouvel.com\/projets\/shopart23\/wp-content\/uploads\/2021\/10\/signature-white.png\" width=\"200px\"><\/div><\/div><\/div><\/div>\t\t\t\t<\/div>\n\t\t\t\t\t\t\t<\/div>\n\t\t<\/div>\n\t\t\t\t<\/div>\n\t\t\t\t<\/div>\n\t\t\t\t\t<\/div>\n\t\t<\/div>\n\t\t\t\t\t\t\t<\/div>\n\t\t<\/section>\n\t\t\t\t<section class=\"elementor-section elementor-top-section elementor-element elementor-element-1ef57b3 elementor-section-boxed elementor-section-height-default elementor-section-height-default\" data-id=\"1ef57b3\" data-element_type=\"section\" data-settings=\"{&quot;background_background&quot;:&quot;classic&quot;}\">\n\t\t\t\t\t\t<div class=\"elementor-container elementor-column-gap-default\">\n\t\t\t\t\t<div class=\"elementor-column elementor-col-100 elementor-top-column elementor-element elementor-element-706e646\" data-id=\"706e646\" data-element_type=\"column\">\n\t\t\t<div class=\"elementor-widget-wrap elementor-element-populated\">\n\t\t\t\t\t\t\t\t<section class=\"elementor-section elementor-inner-section elementor-element elementor-element-63cc421 elementor-section-boxed elementor-section-height-default elementor-section-height-default\" data-id=\"63cc421\" data-element_type=\"section\" data-settings=\"{&quot;background_background&quot;:&quot;classic&quot;}\">\n\t\t\t\t\t\t<div class=\"elementor-container elementor-column-gap-default\">\n\t\t\t\t\t<div class=\"elementor-column elementor-col-50 elementor-inner-column elementor-element elementor-element-57dc908\" data-id=\"57dc908\" data-element_type=\"column\" data-settings=\"{&quot;background_background&quot;:&quot;classic&quot;}\">\n\t\t\t<div class=\"elementor-widget-wrap elementor-element-populated\">\n\t\t\t\t\t\t\t\t<div class=\"elementor-element elementor-element-99fc2c7 elementor-widget elementor-widget-spacer\" data-id=\"99fc2c7\" data-element_type=\"widget\" data-widget_type=\"spacer.default\">\n\t\t\t\t<div class=\"elementor-widget-container\">\n\t\t\t\t\t<div class=\"elementor-spacer\">\n\t\t\t<div class=\"elementor-spacer-inner\"><\/div>\n\t\t<\/div>\n\t\t\t\t<\/div>\n\t\t\t\t<\/div>\n\t\t\t\t\t<\/div>\n\t\t<\/div>\n\t\t\t\t<div class=\"elementor-column elementor-col-50 elementor-inner-column elementor-element elementor-element-83009b8\" data-id=\"83009b8\" data-element_type=\"column\">\n\t\t\t<div class=\"elementor-widget-wrap elementor-element-populated\">\n\t\t\t\t\t\t\t\t<div class=\"elementor-element elementor-element-28382df elementor-widget elementor-widget-heading\" data-id=\"28382df\" data-element_type=\"widget\" data-widget_type=\"heading.default\">\n\t\t\t\t<div class=\"elementor-widget-container\">\n\t\t\t<h2 class=\"elementor-heading-title elementor-size-default\">By the way<\/h2>\t\t<\/div>\n\t\t\t\t<\/div>\n\t\t\t\t<div class=\"elementor-element elementor-element-03fecb5 elementor-widget elementor-widget-text-editor\" data-id=\"03fecb5\" data-element_type=\"widget\" data-widget_type=\"text-editor.default\">\n\t\t\t\t<div class=\"elementor-widget-container\">\n\t\t\t\t\t\t\t<p>N\u00e9e en 1979, \u00e0 Li\u00e8ge, je suis dipl\u00f4m\u00e9e de l\u2019universit\u00e9 de Li\u00e8ge en Histoire de l\u2019art et Arch\u00e9ologie. Pendant mon cursus, j\u2019ai \u00e9galement suivi des cours de dessin \u00e0 l\u2019Acad\u00e9mie des Beaux-Arts de Li\u00e8ge. Ayant toujours \u00e9t\u00e9 int\u00e9ress\u00e9e par l\u2019Art et sa mise en \u0153uvre, \u00e0 l\u2019\u00e2ge de 40 ans, j\u2019ai \u00e9mis le souhait de renouer avec le dessin. D\u2019abord au crayon, puis \u00e0 l\u2019encre, j\u2019ai fini par me lancer dans l\u2019acrylique !<\/p><p>Born in 1979 in Li\u00e8ge, I graduated from the University of Li\u00e8ge in Art History and Archeology. During my studies, I also took drawing lessons at the Academy of Fine Arts in Li\u00e8ge. Having always been interested in Art and its implementation, at the age of 40, I expressed the wish to return to drawing. First in pencil, then in ink, I ended up getting into acrylic!<\/p>\t\t\t\t\t\t<\/div>\n\t\t\t\t<\/div>\n\t\t\t\t<div class=\"elementor-element elementor-element-bf2e986 elementor-align-center elementor-widget elementor-widget-button\" data-id=\"bf2e986\" data-element_type=\"widget\" data-widget_type=\"button.default\">\n\t\t\t\t<div class=\"elementor-widget-container\">\n\t\t\t\t\t<div class=\"elementor-button-wrapper\">\n\t\t\t<a href=\"https:\/\/martialchouvel.com\/projets\/shopart23\/biographie\/\" class=\"elementor-button-link elementor-button elementor-size-sm\" role=\"button\">\n\t\t\t\t\t\t<span class=\"elementor-button-content-wrapper\">\n\t\t\t\t\t\t<span class=\"elementor-button-text\">Read more<\/span>\n\t\t<\/span>\n\t\t\t\t\t<\/a>\n\t\t<\/div>\n\t\t\t\t<\/div>\n\t\t\t\t<\/div>\n\t\t\t\t\t<\/div>\n\t\t<\/div>\n\t\t\t\t\t\t\t<\/div>\n\t\t<\/section>\n\t\t\t\t\t<\/div>\n\t\t<\/div>\n\t\t\t\t\t\t\t<\/div>\n\t\t<\/section>\n\t\t\t\t<section class=\"elementor-section elementor-top-section elementor-element elementor-element-832bbce elementor-section-boxed elementor-section-height-default elementor-section-height-default\" data-id=\"832bbce\" data-element_type=\"section\">\n\t\t\t\t\t\t<div class=\"elementor-container elementor-column-gap-default\">\n\t\t\t\t\t<div class=\"elementor-column elementor-col-100 elementor-top-column elementor-element elementor-element-c3118dc\" data-id=\"c3118dc\" data-element_type=\"column\">\n\t\t\t<div class=\"elementor-widget-wrap elementor-element-populated\">\n\t\t\t\t\t\t\t\t<div class=\"elementor-element elementor-element-1bc91ae elementor-widget elementor-widget-heading\" data-id=\"1bc91ae\" data-element_type=\"widget\" data-widget_type=\"heading.default\">\n\t\t\t\t<div class=\"elementor-widget-container\">\n\t\t\t<h2 class=\"elementor-heading-title elementor-size-default\">My work<\/h2>\t\t<\/div>\n\t\t\t\t<\/div>\n\t\t\t\t<div class=\"elementor-element elementor-element-a8f2383 elementor-product-loop-item--align-center elementor-grid-3 elementor-grid-tablet-3 elementor-grid-mobile-2 elementor-products-grid elementor-wc-products elementor-widget elementor-widget-woocommerce-products\" data-id=\"a8f2383\" data-element_type=\"widget\" data-widget_type=\"woocommerce-products.default\">\n\t\t\t\t<div class=\"elementor-widget-container\">\n\t\t\t<div class=\"woocommerce columns-3 \"><ul class=\"products elementor-grid columns-3\">\n<li class=\"product type-product post-241 status-publish first instock product_cat-non-classe has-post-thumbnail sold-individually shipping-taxable purchasable product-type-simple\">\n\t<\/li>\n<li class=\"product type-product post-234 status-publish instock product_cat-non-classe has-post-thumbnail sold-individually shipping-taxable purchasable product-type-simple\">\n\t<\/li>\n<li class=\"product type-product post-227 status-publish last instock product_cat-non-classe has-post-thumbnail sold-individually shipping-taxable purchasable product-type-simple\">\n\t<\/li>\n<li class=\"product type-product post-219 status-publish first instock product_cat-non-classe has-post-thumbnail sold-individually shipping-taxable purchasable product-type-simple\">\n\t<\/li>\n<li class=\"product type-product post-211 status-publish instock product_cat-non-classe has-post-thumbnail sold-individually shipping-taxable purchasable product-type-simple\">\n\t<\/li>\n<li class=\"product type-product post-203 status-publish last instock product_cat-non-classe has-post-thumbnail sold-individually shipping-taxable purchasable product-type-simple\">\n\t<\/li>\n<\/ul>\n<\/div>\t\t<\/div>\n\t\t\t\t<\/div>\n\t\t\t\t<div class=\"elementor-element elementor-element-fc1324a elementor-align-center elementor-widget elementor-widget-button\" data-id=\"fc1324a\" data-element_type=\"widget\" data-widget_type=\"button.default\">\n\t\t\t\t<div class=\"elementor-widget-container\">\n\t\t\t\t\t<div class=\"elementor-button-wrapper\">\n\t\t\t<a href=\"https:\/\/martialchouvel.com\/projets\/shopart23\/shop\/\" class=\"elementor-button-link elementor-button elementor-size-sm\" role=\"button\">\n\t\t\t\t\t\t<span class=\"elementor-button-content-wrapper\">\n\t\t\t\t\t\t<span class=\"elementor-button-text\">See more<\/span>\n\t\t<\/span>\n\t\t\t\t\t<\/a>\n\t\t<\/div>\n\t\t\t\t<\/div>\n\t\t\t\t<\/div>\n\t\t\t\t\t<\/div>\n\t\t<\/div>\n\t\t\t\t\t\t\t<\/div>\n\t\t<\/section>\n\t\t\t\t\t\t<\/div>\n\t\t\t\t\t<\/div>\n\t\t","protected":false},"excerpt":{"rendered":"<p>Manon Corthals By the way N\u00e9e en 1979, \u00e0 Li\u00e8ge, je suis dipl\u00f4m\u00e9e de l\u2019universit\u00e9 de Li\u00e8ge en Histoire de l\u2019art et Arch\u00e9ologie. Pendant mon cursus, j\u2019ai \u00e9galement suivi des cours de dessin \u00e0 l\u2019Acad\u00e9mie des Beaux-Arts de Li\u00e8ge. Ayant toujours \u00e9t\u00e9 int\u00e9ress\u00e9e par l\u2019Art et sa mise en \u0153uvre, \u00e0 l\u2019\u00e2ge de 40 ans, [&hellip;]<\/p>\n","protected":false},"author":1,"featured_media":0,"parent":0,"menu_order":0,"comment_status":"closed","ping_status":"closed","template":"elementor_header_footer","meta":{"footnotes":""},"class_list":["post-14","page","type-page","status-publish","hentry"],"_links":{"self":[{"href":"https:\/\/martialchouvel.com\/projets\/shopart23\/wp-json\/wp\/v2\/pages\/14","targetHints":{"allow":["GET"]}}],"collection":[{"href":"https:\/\/martialchouvel.com\/projets\/shopart23\/wp-json\/wp\/v2\/pages"}],"about":[{"href":"https:\/\/martialchouvel.com\/projets\/shopart23\/wp-json\/wp\/v2\/types\/page"}],"author":[{"embeddable":true,"href":"https:\/\/martialchouvel.com\/projets\/shopart23\/wp-json\/wp\/v2\/users\/1"}],"replies":[{"embeddable":true,"href":"https:\/\/martialchouvel.com\/projets\/shopart23\/wp-json\/wp\/v2\/comments?post=14"}],"version-history":[{"count":122,"href":"https:\/\/martialchouvel.com\/projets\/shopart23\/wp-json\/wp\/v2\/pages\/14\/revisions"}],"predecessor-version":[{"id":501,"href":"https:\/\/martialchouvel.com\/projets\/shopart23\/wp-json\/wp\/v2\/pages\/14\/revisions\/501"}],"wp:attachment":[{"href":"https:\/\/martialchouvel.com\/projets\/shopart23\/wp-json\/wp\/v2\/media?parent=14"}],"curies":[{"name":"wp","href":"https:\/\/api.w.org\/{rel}","templated":true}]}}